{"id":303,"date":"2017-10-02T11:06:14","date_gmt":"2017-10-02T09:06:14","guid":{"rendered":"http:\/\/www.lammermann.eu\/wordpress\/?page_id=303"},"modified":"2017-10-02T11:06:14","modified_gmt":"2017-10-02T09:06:14","slug":"aspekte-des-ict-rechts","status":"publish","type":"page","link":"http:\/\/www.lammermann.eu\/wordpress\/?page_id=303","title":{"rendered":"Aspekte des ICT-Rechts"},"content":{"rendered":"<p>Verfasst von: Sebastian Lammermann<\/p>\n<p>Ver\u00f6ffentlicht: Thu, 29 Jan 2009<\/p>\n<p>Download der aktuellen Version:<\/p>\n<p><a href=\"http:\/\/www.lammermann.eu\/wordpress\/wp-content\/uploads\/2017\/10\/ict-recht.pdf\"><sub><sup><img decoding=\"async\" src=\"http:\/\/www.lammermann.eu\/wb\/media\/icons\/pdf.gif\" align=\"absbottom\" border=\"0\" hspace=\"0\" vspace=\"0\" \/><\/sup><\/sub> Portable Document Format<\/a><\/p>\n<p><a href=\"http:\/\/creativecommons.org\/licenses\/by-nd\/3.0\/de\/\" rel=\"license\"><img decoding=\"async\" src=\"http:\/\/i.creativecommons.org\/l\/by-nd\/3.0\/de\/88x31.png\" alt=\"Creative Commons License\" \/><\/a><br \/>\nDieses Werk ist unter einer <a href=\"http:\/\/creativecommons.org\/licenses\/by-nd\/3.0\/de\/\" rel=\"license\">Creative-Commons-Lizenz<\/a> lizenziert.<\/p>\n<hr \/>\n<h3>Beschreibung:<\/h3>\n<p>Die vorliegende Seminararbeit zum Thema Aspekte des ICT-Rechts entstand im Rahmen des Lehrgebiets \u201eVerteilte Systeme\u201c im Wintersemester 2008\/2009 an der Hochschule f\u00fcr Telekommunikation, Leipzig. Ziel dieser Seminararbeit ist es, vier Aspekte der f\u00fcr die Informations- und Kommunikationstechnik relevanten Rechtslage vorzustellen. Gew\u00e4hlt wurden Themen, die allesamt von aktueller Bedeutung sind: Die Onlinedurchsuchung, die Vorratsdatenspeicherung, sowie zwei f\u00fcr Funknetzwerke relevante rechtliche Aspekte (das \u201eSchwarzsurfen\u201c \u00fcber einen fremden Internetanschluss und die St\u00f6rerhaftung bei Missbrauch).<\/p>\n<p class=\"wp-flattr-button\"><a class=\"FlattrButton\" style=\"display:none;\" href=\"http:\/\/www.lammermann.eu\/wordpress\/?page_id=303\" title=\" Aspekte des ICT-Rechts\" rev=\"flattr;uid:Seb1982;language:de_DE;category:text;tags:blog;\">Verfasst von: Sebastian Lammermann Ver\u00f6ffentlicht: Thu, 29 Jan 2009 Download der aktuellen Version: Portable Document Format Dieses Werk ist unter einer Creative-Commons-Lizenz lizenziert. Beschreibung: Die vorliegende Seminararbeit zum Thema Aspekte...<\/a><\/p>","protected":false},"excerpt":{"rendered":"<p>Verfasst von: Sebastian Lammermann Ver\u00f6ffentlicht: Thu, 29 Jan 2009 Download der aktuellen Version: Portable Document Format Dieses Werk ist unter einer Creative-Commons-Lizenz lizenziert. Beschreibung: Die vorliegende Seminararbeit zum Thema Aspekte des ICT-Rechts entstand im Rahmen des Lehrgebiets \u201eVerteilte Systeme\u201c im Wintersemester 2008\/2009 an der Hochschule f\u00fcr Telekommunikation, Leipzig. Ziel dieser Seminararbeit ist es, vier Aspekte &hellip; <a href=\"http:\/\/www.lammermann.eu\/wordpress\/?page_id=303\" class=\"more-link\"><span class=\"screen-reader-text\">Aspekte des ICT-Rechts<\/span> weiterlesen <span class=\"meta-nav\">&rarr;<\/span><\/a><\/p>\n","protected":false},"author":1,"featured_media":0,"parent":0,"menu_order":0,"comment_status":"closed","ping_status":"closed","template":"","meta":{"footnotes":""},"class_list":["post-303","page","type-page","status-publish","hentry"],"_links":{"self":[{"href":"http:\/\/www.lammermann.eu\/wordpress\/index.php?rest_route=\/wp\/v2\/pages\/303","targetHints":{"allow":["GET"]}}],"collection":[{"href":"http:\/\/www.lammermann.eu\/wordpress\/index.php?rest_route=\/wp\/v2\/pages"}],"about":[{"href":"http:\/\/www.lammermann.eu\/wordpress\/index.php?rest_route=\/wp\/v2\/types\/page"}],"author":[{"embeddable":true,"href":"http:\/\/www.lammermann.eu\/wordpress\/index.php?rest_route=\/wp\/v2\/users\/1"}],"replies":[{"embeddable":true,"href":"http:\/\/www.lammermann.eu\/wordpress\/index.php?rest_route=%2Fwp%2Fv2%2Fcomments&post=303"}],"version-history":[{"count":1,"href":"http:\/\/www.lammermann.eu\/wordpress\/index.php?rest_route=\/wp\/v2\/pages\/303\/revisions"}],"predecessor-version":[{"id":304,"href":"http:\/\/www.lammermann.eu\/wordpress\/index.php?rest_route=\/wp\/v2\/pages\/303\/revisions\/304"}],"wp:attachment":[{"href":"http:\/\/www.lammermann.eu\/wordpress\/index.php?rest_route=%2Fwp%2Fv2%2Fmedia&parent=303"}],"curies":[{"name":"wp","href":"https:\/\/api.w.org\/{rel}","templated":true}]}}