{"id":280,"date":"2017-10-02T10:51:32","date_gmt":"2017-10-02T08:51:32","guid":{"rendered":"http:\/\/www.lammermann.eu\/wordpress\/?page_id=280"},"modified":"2017-10-02T10:58:34","modified_gmt":"2017-10-02T08:58:34","slug":"itil-service-support","status":"publish","type":"page","link":"http:\/\/www.lammermann.eu\/wordpress\/?page_id=280","title":{"rendered":"ITIL Service Support"},"content":{"rendered":"<p>Verfasst von: Sebastian Lammermann<\/p>\n<p>Ver\u00f6ffentlicht: Sat, 17 Feb 2007<\/p>\n<p>Download der aktuellen Version:<\/p>\n<p><a href=\"http:\/\/www.lammermann.eu\/wordpress\/wp-content\/uploads\/2017\/10\/itil-service_support.pdf\"><sub><sup><img decoding=\"async\" src=\"http:\/\/www.lammermann.eu\/wb\/media\/icons\/pdf.gif\" align=\"absbottom\" border=\"0\" hspace=\"0\" vspace=\"0\" \/><\/sup><\/sub> Portable Document Format<\/a><\/p>\n<p><a href=\"http:\/\/creativecommons.org\/licenses\/by-nc-nd\/2.0\/de\/\" rel=\"license\"><img decoding=\"async\" src=\"http:\/\/i.creativecommons.org\/l\/by-nc-nd\/2.0\/de\/88x31.png\" alt=\"Creative Commons License\" \/><\/a><br \/>\nDieses Werk ist unter einer <a href=\"http:\/\/creativecommons.org\/licenses\/by-nc-nd\/2.0\/de\/\" rel=\"license\">Creative-Commons-Lizenz<\/a> lizenziert.<\/p>\n<hr \/>\n<h3>Beschreibung:<\/h3>\n<p>Dieser Bericht ist Teil einer Projektarbeit im Rahmen des Projektes IV an der Hochschule f\u00fcr Telekommunikation Leipzig im Wintersemester 2006\/2007 zum Thema &#8222;IT Infrastructure Library&#8220;. Die Projektarbeit ist in drei Schwerpunkte aufgeteilt, die unabh\u00e4ngig von einander bearbeitet worden sind.<\/p>\n<p>Dieses Dokument dient einerseits als Zusammenfassung des Kernbereichs Service Support im IT Service Management, andererseits ist es als Einstiegslekt\u00fcre in die ITIL-Thematik geeignet. Als vollst\u00e4ndiger Ersatz f\u00fcr Fachliteratur ist diese Arbeit hingegen nicht gedacht, denn dies h\u00e4tte den Umfang des Projektes um ein Vielfaches \u00fcberschritten. Die Anordnung der Kapitel orientiert sich an der der Fachliteratur.<br \/>\nDiese Projektarbeit basiert auf ITIL Version 2.<\/p>\n<p class=\"wp-flattr-button\"><a class=\"FlattrButton\" style=\"display:none;\" href=\"http:\/\/www.lammermann.eu\/wordpress\/?page_id=280\" title=\" ITIL Service Support\" rev=\"flattr;uid:Seb1982;language:de_DE;category:text;tags:blog;\">Verfasst von: Sebastian Lammermann Ver\u00f6ffentlicht: Sat, 17 Feb 2007 Download der aktuellen Version: Portable Document Format Dieses Werk ist unter einer Creative-Commons-Lizenz lizenziert. Beschreibung: Dieser Bericht ist Teil einer Projektarbeit...<\/a><\/p>","protected":false},"excerpt":{"rendered":"<p>Verfasst von: Sebastian Lammermann Ver\u00f6ffentlicht: Sat, 17 Feb 2007 Download der aktuellen Version: Portable Document Format Dieses Werk ist unter einer Creative-Commons-Lizenz lizenziert. Beschreibung: Dieser Bericht ist Teil einer Projektarbeit im Rahmen des Projektes IV an der Hochschule f\u00fcr Telekommunikation Leipzig im Wintersemester 2006\/2007 zum Thema &#8222;IT Infrastructure Library&#8220;. Die Projektarbeit ist in drei Schwerpunkte &hellip; <a href=\"http:\/\/www.lammermann.eu\/wordpress\/?page_id=280\" class=\"more-link\"><span class=\"screen-reader-text\">ITIL Service Support<\/span> weiterlesen <span class=\"meta-nav\">&rarr;<\/span><\/a><\/p>\n","protected":false},"author":1,"featured_media":0,"parent":0,"menu_order":0,"comment_status":"closed","ping_status":"closed","template":"","meta":{"footnotes":""},"class_list":["post-280","page","type-page","status-publish","hentry"],"_links":{"self":[{"href":"http:\/\/www.lammermann.eu\/wordpress\/index.php?rest_route=\/wp\/v2\/pages\/280","targetHints":{"allow":["GET"]}}],"collection":[{"href":"http:\/\/www.lammermann.eu\/wordpress\/index.php?rest_route=\/wp\/v2\/pages"}],"about":[{"href":"http:\/\/www.lammermann.eu\/wordpress\/index.php?rest_route=\/wp\/v2\/types\/page"}],"author":[{"embeddable":true,"href":"http:\/\/www.lammermann.eu\/wordpress\/index.php?rest_route=\/wp\/v2\/users\/1"}],"replies":[{"embeddable":true,"href":"http:\/\/www.lammermann.eu\/wordpress\/index.php?rest_route=%2Fwp%2Fv2%2Fcomments&post=280"}],"version-history":[{"count":2,"href":"http:\/\/www.lammermann.eu\/wordpress\/index.php?rest_route=\/wp\/v2\/pages\/280\/revisions"}],"predecessor-version":[{"id":289,"href":"http:\/\/www.lammermann.eu\/wordpress\/index.php?rest_route=\/wp\/v2\/pages\/280\/revisions\/289"}],"wp:attachment":[{"href":"http:\/\/www.lammermann.eu\/wordpress\/index.php?rest_route=%2Fwp%2Fv2%2Fmedia&parent=280"}],"curies":[{"name":"wp","href":"https:\/\/api.w.org\/{rel}","templated":true}]}}